{"id":556,"date":"2015-01-22T19:50:00","date_gmt":"2015-01-22T18:50:00","guid":{"rendered":"https:\/\/lecerfvert.com\/temas\/sindrome-del-inmigrante\/"},"modified":"2023-01-19T08:41:08","modified_gmt":"2023-01-19T07:41:08","slug":"sindrome-de-limmigrant","status":"publish","type":"page","link":"https:\/\/www.psibrussels.be\/ca\/temes\/sindrome-de-limmigrant\/","title":{"rendered":"S\u00edndrome de l&#8217;immigrant (s\u00edndrome d&#8217;Ulisses)"},"content":{"rendered":"\n<div style=\"height:25px\" aria-hidden=\"true\" class=\"wp-block-spacer editorskit-no-tablet editorskit-no-mobile\"><\/div>\n\n\n\n<p>Encara que la majoria de gent aconsegueix suportar els aspectes negatius de la migraci\u00f3 per l\u2019exist\u00e8ncia d\u2019altres aspectes positius,&nbsp;<mark style=\"background-color:rgba(0, 0, 0, 0)\" class=\"has-inline-color has-vivid-cyan-blue-color\"><strong>la migraci\u00f3 \u00e9s un factor de risc en la salut mental a causa de l\u2019estr\u00e8s o dol migratori<\/strong>, anomenat&nbsp;s\u00edndrome de l\u2019immigrant o s\u00edndrome d\u2019Ulisses<\/mark>.<\/p>\n\n\n\n<div style=\"height:25px\" aria-hidden=\"true\" class=\"wp-block-spacer editorskit-no-tablet editorskit-no-mobile\"><\/div>\n\n\n\n<h3 class=\"wp-block-heading\">Fonts d\u2019estr\u00e8s<\/h3>\n\n\n\n<ul class=\"wp-block-list\">\n<li>Solitud per la separaci\u00f3 dels \u00e9ssers estimats.<\/li>\n\n\n\n<li>Sentiment de <a href=\"https:\/\/psi.brussels\/ca\/temes\/depressio\/\" title=\"Depressi\u00f3\">desesperan\u00e7a i frac\u00e0s<\/a> per l\u2019exist\u00e8ncia de poques oportunitats de tirar endavant amb aquest projecte.<\/li>\n\n\n\n<li>Abs\u00e8ncia d\u2019una xarxa de suport social.<\/li>\n\n\n\n<li>Lluita contra els problemes econ\u00f2mics com pagar l\u2019habitatge, l\u2019alimentaci\u00f3.<\/li>\n\n\n\n<li>Por o desorientaci\u00f3.<\/li>\n\n\n\n<li>Temporalitat.<\/li>\n<\/ul>\n\n\n\n<div style=\"height:25px\" aria-hidden=\"true\" class=\"wp-block-spacer editorskit-no-tablet editorskit-no-mobile\"><\/div>\n\n\n\n<h3 class=\"wp-block-heading\">Etapes del dol<\/h3>\n\n\n\n<ul class=\"wp-block-list\">\n<li><strong>La negaci\u00f3<\/strong>: no s\u2019accepta la realitat del canvi.<\/li>\n\n\n\n<li><strong>La resist\u00e8ncia<\/strong>: davant les dificultats i reptes sorgeix la queixa per l\u2019esfor\u00e7 que suposa l\u2019adaptaci\u00f3.<\/li>\n\n\n\n<li><strong>L\u2019acceptaci\u00f3<\/strong>: s\u2019instal\u00b7la a fons en la nova situaci\u00f3.<\/li>\n\n\n\n<li><strong>La restituci\u00f3<\/strong>: s\u2019accepta lo bo i lo dolent tant del pa\u00eds d\u2019origen com del pa\u00eds d\u2019acollida, suposa la reconciliaci\u00f3 afectiva.<\/li>\n<\/ul>\n\n\n\n<div style=\"height:25px\" aria-hidden=\"true\" class=\"wp-block-spacer editorskit-no-tablet editorskit-no-mobile\"><\/div>\n\n\n\n<h3 class=\"wp-block-heading\">Defenses psicol\u00f2giques<\/h3>\n\n\n\n<p>Per a l\u2019elaboraci\u00f3 dels dols les persones utilitzem una s\u00e8rie de defenses psicol\u00f2giques o errors que s\u00f3n mecanismes psicol\u00f2gics de defensa. No s\u00f3n per si mateixos negatius per\u00f2 quan s\u00f3n abundants distorsionen radicalment la visi\u00f3 que tenim de la realitat i ens impedeixen l\u2019adaptaci\u00f3 i elaborar el dol migratori.<\/p>\n\n\n\n<ul class=\"wp-block-list\">\n<li>L\u2019abstracci\u00f3 selectiva, consisteix en centrar-se en un detall extret fora de context.<\/li>\n\n\n\n<li>La infer\u00e8ncia arbitr\u00e0ria, generalitzaci\u00f3 excessiva quan s\u2019elabora una conclusi\u00f3 o regla a partir d\u2019un o diversos fets a\u00efllats.<\/li>\n\n\n\n<li>La maximitzaci\u00f3 i minimitzaci\u00f3, distorsi\u00f3 modificant la magnitud dels esdeveniments.<\/li>\n\n\n\n<li>La personalitzaci\u00f3, atribuir-se fen\u00f2mens externs injustificadament.<\/li>\n\n\n\n<li>El pensament absolutista o dicot\u00f2mic, classificar les experi\u00e8ncies en \u201ctot o res\u201d, en categories extremes.<\/li>\n<\/ul>\n\n\n\n<div style=\"height:25px\" aria-hidden=\"true\" class=\"wp-block-spacer editorskit-no-tablet editorskit-no-mobile\"><\/div>\n","protected":false},"excerpt":{"rendered":"<p>Encara que la majoria de gent aconsegueix suportar els aspectes negatius de la migraci\u00f3 per l\u2019exist\u00e8ncia d\u2019altres aspectes positius,&nbsp;la migraci\u00f3 \u00e9s un factor de risc en<span class=\"excerpt-hellip\"> [\u2026]<\/span><\/p>\n","protected":false},"author":1,"featured_media":0,"parent":549,"menu_order":7,"comment_status":"closed","ping_status":"closed","template":"","meta":{"_monsterinsights_skip_tracking":false,"_monsterinsights_sitenote_active":false,"_monsterinsights_sitenote_note":"","_monsterinsights_sitenote_category":0,"footnotes":""},"class_list":["post-556","page","type-page","status-publish","hentry"],"aioseo_notices":[],"_links":{"self":[{"href":"https:\/\/www.psibrussels.be\/ca\/wp-json\/wp\/v2\/pages\/556","targetHints":{"allow":["GET"]}}],"collection":[{"href":"https:\/\/www.psibrussels.be\/ca\/wp-json\/wp\/v2\/pages"}],"about":[{"href":"https:\/\/www.psibrussels.be\/ca\/wp-json\/wp\/v2\/types\/page"}],"author":[{"embeddable":true,"href":"https:\/\/www.psibrussels.be\/ca\/wp-json\/wp\/v2\/users\/1"}],"replies":[{"embeddable":true,"href":"https:\/\/www.psibrussels.be\/ca\/wp-json\/wp\/v2\/comments?post=556"}],"version-history":[{"count":4,"href":"https:\/\/www.psibrussels.be\/ca\/wp-json\/wp\/v2\/pages\/556\/revisions"}],"predecessor-version":[{"id":839,"href":"https:\/\/www.psibrussels.be\/ca\/wp-json\/wp\/v2\/pages\/556\/revisions\/839"}],"up":[{"embeddable":true,"href":"https:\/\/www.psibrussels.be\/ca\/wp-json\/wp\/v2\/pages\/549"}],"wp:attachment":[{"href":"https:\/\/www.psibrussels.be\/ca\/wp-json\/wp\/v2\/media?parent=556"}],"curies":[{"name":"wp","href":"https:\/\/api.w.org\/{rel}","templated":true}]}}