{"id":555,"date":"2015-01-22T19:46:00","date_gmt":"2015-01-22T18:46:00","guid":{"rendered":"https:\/\/lecerfvert.com\/temas\/sexualidad\/"},"modified":"2023-01-19T08:41:48","modified_gmt":"2023-01-19T07:41:48","slug":"sexualitat","status":"publish","type":"page","link":"https:\/\/www.psibrussels.be\/ca\/temes\/sexualitat\/","title":{"rendered":"Sexualitat"},"content":{"rendered":"\n<div style=\"height:25px\" aria-hidden=\"true\" class=\"wp-block-spacer editorskit-no-tablet editorskit-no-mobile\"><\/div>\n\n\n\n<h2 class=\"wp-block-heading\">Qu\u00e8 \u00e9s la disfunci\u00f3 sexual?<\/h2>\n\n\n\n<p>LLa sexualitat t\u00e9 quatre fases: el desig, l\u2019excitaci\u00f3, l\u2019orgasme i la resoluci\u00f3. <mark style=\"background-color:rgba(0, 0, 0, 0)\" class=\"has-inline-color has-vivid-cyan-blue-color\">Un trastorn sexual es produeix quan hi ha un problema en, com a m\u00ednim, una de les tres primeres fases abans esmentades<\/mark>. Hi ha trastorns o disfuncions de diferents tipus i les pateixen els homes i les dones per diferents causes que provoquen un malestar a diferents nivells a les persones que les pateixen i les seves parelles, a vegades fins i tot pot afectar l\u2019entorn familiar i social proper.&nbsp;<strong>Una disfunci\u00f3 sexual pot tenir un origen psicol\u00f2gic, fisiol\u00f2gic, o una combinaci\u00f3 d\u2019ambd\u00f3s.&nbsp;<\/strong><\/p>\n\n\n\n<h3 class=\"wp-block-heading\">Es pot tractar? I per qu\u00e8 \u00e9s important?<\/h3>\n\n\n\n<p>Es pot solucionar i tot i que algunes persones poden tractar de minimitzar el problema, negant-lo o pensant que es solucionar\u00e0 sol, existeix una soluci\u00f3 i minimitzar-lo nom\u00e9s allargar\u00e0 i aprofundir\u00e0 el problema.<\/p>\n\n\n\n<p>Ser capa\u00e7 de mantenir relacions sexuals satisfact\u00f2ries \u00e9s important per a la salut mental i psicol\u00f2gica de les persones i quan hi ha un deteriorament de les respostes sexuals afecta a la persona en diferents \u00e0mbits com l\u2019<a href=\"https:\/\/psi.brussels\/ca\/temes\/autoestima\/\" title=\"Autoestima\">autoestima<\/a>, la seguretat i la seva relaci\u00f3 amb la parella.<\/p>\n\n\n\n<h3 class=\"wp-block-heading\">Quins tipus hi ha?<\/h3>\n\n\n\n<ul class=\"wp-block-list\">\n<li><strong>Inapet\u00e8ncia sexual:<\/strong> aquest problema es produeix quan les persones no tenen cap inter\u00e8s en fantasies o activitats sexuals i com a conseq\u00fc\u00e8ncia pateixen ansietat o problemes de parella.<\/li>\n\n\n\n<li><strong>Dispareunia:<\/strong> \u00e9s l\u2019exist\u00e8ncia d\u2019un dolor de qualsevol tipus en alguna de les fases de la relaci\u00f3 sexual. Les persones que ho pateixen intenen abstenir-se de mantenir relacions per evitar el dolor.<\/li>\n\n\n\n<li><strong>Aversi\u00f3 al sexe:<\/strong> \u00e9s una aversi\u00f3 extrema al contacte sexual i es caracteritza per l\u2019evitaci\u00f3 sistem\u00e0tica de les relacions sexuals.<\/li>\n\n\n\n<li><strong>Inhibici\u00f3 de l\u2019excitaci\u00f3:<\/strong> \u00e9s la falta o abs\u00e8ncia excitat\u00f2ria tot i que la dona que ho pateix experimenti desig sexual i estimulaci\u00f3 sexual efectiva. Les dones que ho pateixen tenen falta de lubricaci\u00f3 i abs\u00e8ncia d\u2019expansi\u00f3 vaginal.<\/li>\n\n\n\n<li><strong>Disfunci\u00f3 org\u00e0smica:<\/strong> tamb\u00e9 conegut com anorg\u00e0smia, \u00e9s l\u2019abs\u00e8ncia de l\u2019orgasme o dificultat per arribar-hi tot i tenir una excitaci\u00f3 normal. Porta a la frustraci\u00f3 de les dones que ho pateixen i a llarg termini a tenir poc desig sexual per falta de motivaci\u00f3.<\/li>\n\n\n\n<li><strong>Vaginisme:<\/strong> es caracteritza per la impossibilitat de produir-se la penetraci\u00f3 de la vagina. Es provocat perqu\u00e8 la dona t\u00e9 una contracci\u00f3 involunt\u00e0ria del ter\u00e7 extern de la vagina impedint qualsevol intent de penetraci\u00f3.<\/li>\n\n\n\n<li><strong>Disfunci\u00f3 er\u00e8ctil:<\/strong> \u00e9s la impossibilitat de conseguir l\u2019erecci\u00f3 del penis i\/o mantenir-la tot i que l\u2019estimulaci\u00f3 sexual sigui suficient. Els homes que la pateixen tenen baixa autoestima, inseguretat, frustraci\u00f3 i ansietat.<\/li>\n\n\n\n<li><strong>Ejaculaci\u00f3 preco\u00e7:<\/strong> no s\u2019utilitza medicions temporals, sino la percepci\u00f3 de l\u2019home de no poder controlar volunt\u00e0riament l\u2019ejaculaci\u00f3 davant una estimulaci\u00f3 sexual m\u00ednima, ja sigui abans o durant l\u2019activitat sexual amb penetraci\u00f3.<\/li>\n\n\n\n<li><strong>Ejaculaci\u00f3 retardada:<\/strong> \u00e9s la dificultat per arribar a l\u2019orgasme quan hi ha una estimulaci\u00f3 suficient del penis.<\/li>\n<\/ul>\n\n\n\n<div style=\"height:25px\" aria-hidden=\"true\" class=\"wp-block-spacer editorskit-no-tablet editorskit-no-mobile\"><\/div>\n\n\n\n<div style=\"height:25px\" aria-hidden=\"true\" class=\"wp-block-spacer editorskit-no-tablet editorskit-no-mobile\"><\/div>\n\n\n\n<div style=\"height:25px\" aria-hidden=\"true\" class=\"wp-block-spacer editorskit-no-tablet editorskit-no-mobile\"><\/div>\n","protected":false},"excerpt":{"rendered":"<p>Qu\u00e8 \u00e9s la disfunci\u00f3 sexual? LLa sexualitat t\u00e9 quatre fases: el desig, l\u2019excitaci\u00f3, l\u2019orgasme i la resoluci\u00f3. Un trastorn sexual es produeix quan hi ha un<span class=\"excerpt-hellip\"> [\u2026]<\/span><\/p>\n","protected":false},"author":1,"featured_media":0,"parent":549,"menu_order":6,"comment_status":"closed","ping_status":"closed","template":"","meta":{"_monsterinsights_skip_tracking":false,"_monsterinsights_sitenote_active":false,"_monsterinsights_sitenote_note":"","_monsterinsights_sitenote_category":0,"footnotes":""},"class_list":["post-555","page","type-page","status-publish","hentry"],"aioseo_notices":[],"_links":{"self":[{"href":"https:\/\/www.psibrussels.be\/ca\/wp-json\/wp\/v2\/pages\/555","targetHints":{"allow":["GET"]}}],"collection":[{"href":"https:\/\/www.psibrussels.be\/ca\/wp-json\/wp\/v2\/pages"}],"about":[{"href":"https:\/\/www.psibrussels.be\/ca\/wp-json\/wp\/v2\/types\/page"}],"author":[{"embeddable":true,"href":"https:\/\/www.psibrussels.be\/ca\/wp-json\/wp\/v2\/users\/1"}],"replies":[{"embeddable":true,"href":"https:\/\/www.psibrussels.be\/ca\/wp-json\/wp\/v2\/comments?post=555"}],"version-history":[{"count":4,"href":"https:\/\/www.psibrussels.be\/ca\/wp-json\/wp\/v2\/pages\/555\/revisions"}],"predecessor-version":[{"id":840,"href":"https:\/\/www.psibrussels.be\/ca\/wp-json\/wp\/v2\/pages\/555\/revisions\/840"}],"up":[{"embeddable":true,"href":"https:\/\/www.psibrussels.be\/ca\/wp-json\/wp\/v2\/pages\/549"}],"wp:attachment":[{"href":"https:\/\/www.psibrussels.be\/ca\/wp-json\/wp\/v2\/media?parent=555"}],"curies":[{"name":"wp","href":"https:\/\/api.w.org\/{rel}","templated":true}]}}