{"id":553,"date":"2015-01-22T19:33:00","date_gmt":"2015-01-22T18:33:00","guid":{"rendered":"https:\/\/lecerfvert.com\/temas\/habilidades-sociales-y-asertividad\/"},"modified":"2023-01-19T08:43:36","modified_gmt":"2023-01-19T07:43:36","slug":"habilitats-socials-i-assertivitat","status":"publish","type":"page","link":"https:\/\/www.psibrussels.be\/ca\/temes\/habilitats-socials-i-assertivitat\/","title":{"rendered":"Habilitats socials i assertivitat"},"content":{"rendered":"\n<div style=\"height:25px\" aria-hidden=\"true\" class=\"wp-block-spacer editorskit-no-tablet editorskit-no-mobile\"><\/div>\n\n\n\n<h2 class=\"wp-block-heading\">Qu\u00e8 s\u00f3n les habilitats socials?<\/h2>\n\n\n\n<p>Les <mark style=\"background-color:rgba(0, 0, 0, 0)\" class=\"has-inline-color has-vivid-cyan-blue-color\">habilitats socials s\u00f3n la capacitat que tenim les persones per desenvolupar-nos en situacions familiars i socials.<\/mark> Al llarg del dia i de la nostra vida ens relacionem constantment amb altres persones (per exemple, fam\u00edlia, companys de feina, d\u2019estudis, o amics). Ser capa\u00e7os de crear bones relacions amb altra gent \u00e9s important per al nostre benestar i la nostra adaptaci\u00f3 social. Al cap i a la fi, som animals socials, i depenem en gran mesura els uns dels altres per donar-nos suport i cooperar.<\/p>\n\n\n\n<h3 class=\"wp-block-heading\">Es neix amb elles?<\/h3>\n\n\n\n<p>Les habilitats socials s\u2019aprenen, no es neix amb elles. S\u2019adquireixen al llarg del nostre aprenentatge i la fam\u00edlia, l\u2019escola i altres contextos s\u00f3n les fonts d\u2019aprenentatge d\u2019aquestes habilitats.<\/p>\n\n\n\n<h3 class=\"wp-block-heading\">Perqu\u00e8 s\u00f3n importants?<\/h3>\n\n\n\n<p>Les habilitats socials ens permeten desenvolupar bones relacions amb altres persones que poden ser mutuament beneficioses (ens permeten crear confian\u00e7a, demanar ajuda, o cooperar quan fa falta). Aix\u00f2 t\u00e9 efectes positius a casa o a la feina, per exemple. D\u2019altra banda, el d\u00e8ficit en habilitats socials ens pot comportar problemes en la nostra vida quotidiana i ser font tamb\u00e9 de problemes de parella.&nbsp;<strong>A vegades, pot ser dif\u00edcil adonar-se que hem de millorar les nostres habilitats socials perqu\u00e8 assumim que la manera amb la qual ens relacionem amb els altres no es pot canviar. Aix\u00f2 no \u00e9s veritat.<\/strong>&nbsp;\u00c9s \u00fatil examinar les nostres relacions amb els altres i com es poden millorar.<\/p>\n\n\n\n<h3 class=\"wp-block-heading\">Exemples<\/h3>\n\n\n\n<p>Saber relacionar-se amb la gent que coneixem i persones que acabem de con\u00e9ixer. Saber iniciar, mantenir i finalitzar conversacions, demanar informaci\u00f3, <strong>aceptar un no per resposta<\/strong>, fer i saber rebre cr\u00edtiques, <strong>expressar sentiments i comentaris positius<\/strong>, saber rebre comentaris positius i sentiments, <strong>abordar conflictes<\/strong>, mantenir la calma, ser agradable, <strong>sentir-se segur<\/strong>, proper i tamb\u00e9 <strong>defensar els nostres drets quan cal<\/strong>, adaptar-se al rol que tens en aquell moment, al lloc, la persona o a les expectatives que un t\u00e9.<\/p>\n\n\n\n<ul class=\"wp-block-list\">\n<li><strong>Habilitats de comunicaci\u00f3:<\/strong> aix\u00f2 inclou la capacitat de parlar clarament, escoltar activament i fer servir el llenguatge corporal i les expressions facials apropiades.<\/li>\n\n\n\n<li><strong>Empatia: <\/strong>La capacitat de comprendre i compartir els sentiments dels altres.<\/li>\n\n\n\n<li><strong>Resoluci\u00f3 de conflictes: <\/strong>La capacitat de negociar i resoldre conflictes de manera constructiva i pac\u00edfica.<\/li>\n\n\n\n<li><strong>Habilitats de lideratge: <\/strong>La capacitat de dirigir i motivar un grup de persones cap a un objectiu com\u00fa.<\/li>\n\n\n\n<li><strong>Habilitats interpersonals<\/strong>: La capacitat de construir i mantenir relacions positives amb els altres.<\/li>\n<\/ul>\n\n\n\n<div style=\"height:50px\" aria-hidden=\"true\" class=\"wp-block-spacer editorskit-no-tablet editorskit-no-mobile\"><\/div>\n\n\n\n<h3 class=\"wp-block-heading\">Qu\u00e8 \u00e9s l\u2019assertivitat?<\/h3>\n\n\n\n<p>L\u2019assertivitat \u00e9s una forma de comunicaci\u00f3 que <strong>valora els drets o punts de vista dels altres sense ser agressiu, ni per permetre submisament que un altre ignori o negui els teus propis drets o punts de vista.<\/strong> Per tant \u00e9s la capacitat d\u2019una persona a ser respectu\u00f3s amb nosaltres mateixos i amb els altres. Una persona amb falta d\u2019assertivitat pot ser agressiva o inhibida. Una persona agressiva no respectar\u00e0 a les persones del seu voltant fent cr\u00edtiques tota l\u2019estona, culpan als altres o amena\u00e7ant. Mentre que una inhibida no sabr\u00e0 afrontar un problema per no volver dir que no, es deixar\u00e0 dominar i influir pels altres.<\/p>\n\n\n\n<p>Ser assertiu \u00e9s una habilitat important perqu\u00e8 et pot ajudar a construir i mantenir relacions saludables, establir l\u00edmits i defensar-te a si mateix i les teves necessitats. Tamb\u00e9 et pot ajudar a sentir-te m\u00e9s segur i en control de la teva vida. D&#8217;altra banda, \u00e9sser massa agressiu o massa passiu pot generar malentesos, conflictes i relacions poc saludables.<\/p>\n\n\n\n<h3 class=\"wp-block-heading\">Qu\u00e8 es considera una bona assertivitat?<\/h3>\n\n\n\n<p>Una persona es assertiva quan es respecta a s\u00ed mateixa i als altres d\u2019una forma proporcionada i raonable que es tradueix en tenir una bona autoestima, tenir criteris i idees pr\u00f2pies, con\u00e9ixer i defendre les seves opinions, com tamb\u00e9 con\u00e9ixer i defendre els seus drets, desitjos i sentiments.<\/p>\n\n\n\n<p>Aquests s\u00f3n alguns beneficis espec\u00edfics de ser assertiu:<\/p>\n\n\n\n<ul class=\"wp-block-list\">\n<li><strong>Comunicaci\u00f3 millorada:<\/strong> l&#8217;assertivitat pot ajudar-te a comunicar els teus pensaments, sentiments i necessitats de manera efectiva, cosa que pot conduir a una millor comprensi\u00f3 i interaccions m\u00e9s positives amb els altres.<\/li>\n\n\n\n<li><strong>Relacions m\u00e9s s\u00f2lides: <\/strong>l&#8217;assertivitat pot ajudar-te a construir i mantenir relacions saludables en permetre&#8217;t expressar les teves necessitats i l\u00edmits de manera clara i respectuosa. Tamb\u00e9 et pot ajudar a resoldre conflictes de manera constructiva.<\/li>\n\n\n\n<li><strong>Major autoestima:<\/strong> ser assertiu pot ajudar-te a sentir-te m\u00e9s segur i en control de la teva vida, cosa que pot conduir a una <a href=\"https:\/\/psi.brussels\/ca\/temes\/autoestima\/\" title=\"Autoestima\">autoestima<\/a> m\u00e9s gran.<\/li>\n\n\n\n<li><strong>Millor presa de decisions:<\/strong> l&#8217;assertivitat et pot ajudar a prendre decisions que siguin fidels als teus propis valors i creences, en lloc de sentir-te pressionat per estar d&#8217;acord amb els altres.<\/li>\n\n\n\n<li><strong>M\u00e9s realitzaci\u00f3 personal: <\/strong>L&#8217;assertivitat pot ajudar-te a viure una vida fidel a tu mateix i que et permeti perseguir els teus propis objectius i interessos.<\/li>\n<\/ul>\n\n\n\n<p>En general, ser assertiu \u00e9s una habilitat important perqu\u00e8 et permet expressar-te de manera efectiva i defensar-te a tu mateix i les teves necessitats de manera respectuosa amb els altres. Pot conduir a relacions m\u00e9s sanes i satisfact\u00f2ries i a m\u00e9s sensaci\u00f3 de realitzaci\u00f3 personal.<\/p>\n\n\n\n<div style=\"height:25px\" aria-hidden=\"true\" class=\"wp-block-spacer editorskit-no-tablet editorskit-no-mobile\"><\/div>\n","protected":false},"excerpt":{"rendered":"<p>Qu\u00e8 s\u00f3n les habilitats socials? Les habilitats socials s\u00f3n la capacitat que tenim les persones per desenvolupar-nos en situacions familiars i socials. Al llarg del dia<span class=\"excerpt-hellip\"> [\u2026]<\/span><\/p>\n","protected":false},"author":1,"featured_media":0,"parent":549,"menu_order":4,"comment_status":"closed","ping_status":"closed","template":"","meta":{"_monsterinsights_skip_tracking":false,"_monsterinsights_sitenote_active":false,"_monsterinsights_sitenote_note":"","_monsterinsights_sitenote_category":0,"footnotes":""},"class_list":["post-553","page","type-page","status-publish","hentry"],"aioseo_notices":[],"_links":{"self":[{"href":"https:\/\/www.psibrussels.be\/ca\/wp-json\/wp\/v2\/pages\/553","targetHints":{"allow":["GET"]}}],"collection":[{"href":"https:\/\/www.psibrussels.be\/ca\/wp-json\/wp\/v2\/pages"}],"about":[{"href":"https:\/\/www.psibrussels.be\/ca\/wp-json\/wp\/v2\/types\/page"}],"author":[{"embeddable":true,"href":"https:\/\/www.psibrussels.be\/ca\/wp-json\/wp\/v2\/users\/1"}],"replies":[{"embeddable":true,"href":"https:\/\/www.psibrussels.be\/ca\/wp-json\/wp\/v2\/comments?post=553"}],"version-history":[{"count":3,"href":"https:\/\/www.psibrussels.be\/ca\/wp-json\/wp\/v2\/pages\/553\/revisions"}],"predecessor-version":[{"id":842,"href":"https:\/\/www.psibrussels.be\/ca\/wp-json\/wp\/v2\/pages\/553\/revisions\/842"}],"up":[{"embeddable":true,"href":"https:\/\/www.psibrussels.be\/ca\/wp-json\/wp\/v2\/pages\/549"}],"wp:attachment":[{"href":"https:\/\/www.psibrussels.be\/ca\/wp-json\/wp\/v2\/media?parent=553"}],"curies":[{"name":"wp","href":"https:\/\/api.w.org\/{rel}","templated":true}]}}