{"id":543,"date":"2022-12-23T14:50:24","date_gmt":"2022-12-23T13:50:24","guid":{"rendered":"https:\/\/lecerfvert.com\/home\/politica-de-cookies\/"},"modified":"2023-01-19T11:45:13","modified_gmt":"2023-01-19T10:45:13","slug":"politica-de-cookies","status":"publish","type":"page","link":"https:\/\/www.psibrussels.be\/ca\/home\/politica-de-cookies\/","title":{"rendered":"Pol\u00edtica de cookies"},"content":{"rendered":"\n<div style=\"height:25px\" aria-hidden=\"true\" class=\"wp-block-spacer\"><\/div>\n\n\n\n<p>La nostra web utilitza \u2018cookies\u2019 (en endavant \u00abgaletes\u00bb) pr\u00f2pies i de tercers per millorar la teva experi\u00e8ncia d\u2019usuari i oferir continguts d\u2019inter\u00e8s. Les galetes et permeten navegar per la nostra web, i a nosaltres ens permeten saber quines p\u00e0gines visiten els clients. Ens ajuden a mesurar l\u2019efic\u00e0cia dels anuncis i recerques, i ens donen informaci\u00f3 sobre el comportament dels usuaris, que utilitzem per millorar els nostres productes i missatges.<\/p>\n\n\n\n<p><br>Si vols desactivar les galetes cal que ho facis des de les prefer\u00e8ncies del teu navegador.<\/p>\n\n\n\n<p><br>Com que el nostre <a href=\"https:\/\/psi.brussels\/ca\/\" title=\"Home\">lloc web<\/a> utilitza galetes, \u00e9s possible que no puguis accedir a determinades seccions si les desactives.<\/p>\n\n\n\n<div style=\"height:25px\" aria-hidden=\"true\" class=\"wp-block-spacer\"><\/div>\n\n\n\n<h2 class=\"wp-block-heading\">Tipus de galetes<\/h2>\n\n\n\n<h4 class=\"wp-block-heading\">Categoria 1: galetes estrictament necess\u00e0ries<\/h4>\n\n\n\n<p>Aquestes galetes s\u00f3n imprescindibles perqu\u00e8 puguis navegar per les p\u00e0gines i usar les seves prestacions. <\/p>\n\n\n\n<div style=\"height:25px\" aria-hidden=\"true\" class=\"wp-block-spacer\"><\/div>\n\n\n\n<h4 class=\"wp-block-heading\">Categoria 2: galetes sobre comportament<\/h4>\n\n\n\n<p>Aquestes galetes recullen informaci\u00f3 sobre com utilitzeu els nostres llocs, per exemple les p\u00e0gines que m\u00e9s visites. Aquestes dades ens permeten optimitzar els llocs i facilitar la seva navegaci\u00f3. Aquestes galetes tamb\u00e9 permeten saber als nostres afiliats si has arribat a la nostra web a trav\u00e9s d\u2019ells i si la teva visita va acabar en la compra o en l\u2019\u00fas d\u2019algun dels nostres productes i serveis, i els detalls d\u2019aquest producte o servei. Aquestes cookies no contenen informaci\u00f3 que permeti identificar. Totes les dades recollides en aquestes galetes es recopilen de manera an\u00f2nima.<\/p>\n\n\n\n<div style=\"height:25px\" aria-hidden=\"true\" class=\"wp-block-spacer\"><\/div>\n\n\n\n<h4 class=\"wp-block-heading\">Categoria 3: galetes de funcionalitat<\/h4>\n\n\n\n<p>Aquestes galetes permeten que els nostres llocs recordin les opcions que selecciones quan navegues. Per exemple, podem emmagatzemar teva ubicaci\u00f3 geogr\u00e0fica en una galeta per assegurar-nos que les p\u00e0gines mostrades s\u00f3n les que estan dirigides a la teva zona. Tamb\u00e9 poden conservar prefer\u00e8ncies com la mida del text, les fonts i altres elements personalitzables. Un altre possible \u00fas \u00e9s registrar els productes destacats o v\u00eddeos que ja han aparegut i evitar les repeticions. Les dades recollides en aquestes galetes no et identifiquen personalment i no permeten seguir la teva activitat quan navegues fora dels llocs web de Psi.brussels.<\/p>\n\n\n\n<div style=\"height:25px\" aria-hidden=\"true\" class=\"wp-block-spacer\"><\/div>\n","protected":false},"excerpt":{"rendered":"<p>La nostra web utilitza \u2018cookies\u2019 (en endavant \u00abgaletes\u00bb) pr\u00f2pies i de tercers per millorar la teva experi\u00e8ncia d\u2019usuari i oferir continguts d\u2019inter\u00e8s. Les galetes et permeten<span class=\"excerpt-hellip\"> [\u2026]<\/span><\/p>\n","protected":false},"author":1,"featured_media":0,"parent":540,"menu_order":0,"comment_status":"closed","ping_status":"closed","template":"","meta":{"_monsterinsights_skip_tracking":false,"_monsterinsights_sitenote_active":false,"_monsterinsights_sitenote_note":"","_monsterinsights_sitenote_category":0,"footnotes":""},"class_list":["post-543","page","type-page","status-publish","hentry"],"aioseo_notices":[],"_links":{"self":[{"href":"https:\/\/www.psibrussels.be\/ca\/wp-json\/wp\/v2\/pages\/543","targetHints":{"allow":["GET"]}}],"collection":[{"href":"https:\/\/www.psibrussels.be\/ca\/wp-json\/wp\/v2\/pages"}],"about":[{"href":"https:\/\/www.psibrussels.be\/ca\/wp-json\/wp\/v2\/types\/page"}],"author":[{"embeddable":true,"href":"https:\/\/www.psibrussels.be\/ca\/wp-json\/wp\/v2\/users\/1"}],"replies":[{"embeddable":true,"href":"https:\/\/www.psibrussels.be\/ca\/wp-json\/wp\/v2\/comments?post=543"}],"version-history":[{"count":4,"href":"https:\/\/www.psibrussels.be\/ca\/wp-json\/wp\/v2\/pages\/543\/revisions"}],"predecessor-version":[{"id":850,"href":"https:\/\/www.psibrussels.be\/ca\/wp-json\/wp\/v2\/pages\/543\/revisions\/850"}],"up":[{"embeddable":true,"href":"https:\/\/www.psibrussels.be\/ca\/wp-json\/wp\/v2\/pages\/540"}],"wp:attachment":[{"href":"https:\/\/www.psibrussels.be\/ca\/wp-json\/wp\/v2\/media?parent=543"}],"curies":[{"name":"wp","href":"https:\/\/api.w.org\/{rel}","templated":true}]}}